{"id":101,"date":"2021-03-17T08:53:57","date_gmt":"2021-03-17T11:53:57","guid":{"rendered":"https:\/\/cepposmokehouse.com.br\/?page_id=101"},"modified":"2021-03-17T08:53:57","modified_gmt":"2021-03-17T11:53:57","slug":"bebidas-alcoolicas","status":"publish","type":"page","link":"https:\/\/cepposmokehouse.com.br\/index.php\/bebidas-alcoolicas\/","title":{"rendered":"Bebidas Alco\u00f3licas"},"content":{"rendered":"<div data-block-name=\"woocommerce\/product-category\" data-categories=\"[21]\" class=\"wc-block-grid wp-block-product-category wp-block-woocommerce-product-category wc-block-product-category has-3-columns has-multiple-rows\"><ul class=\"wc-block-grid__products\"><li class=\"wc-block-grid__product\">\n\t\t\t\t<a href=\"https:\/\/cepposmokehouse.com.br\/index.php\/produto\/heineken\/\" class=\"wc-block-grid__product-link\">\n\t\t\t\t\t\n\t\t\t\t\t<div class=\"wc-block-grid__product-image\"><img loading=\"lazy\" decoding=\"async\" width=\"300\" height=\"300\" src=\"https:\/\/i0.wp.com\/cepposmokehouse.com.br\/wp-content\/uploads\/2021\/03\/heineken.jpg?resize=300%2C300&amp;ssl=1\" class=\"attachment-woocommerce_thumbnail size-woocommerce_thumbnail\" alt=\"Heineken\" srcset=\"https:\/\/i0.wp.com\/cepposmokehouse.com.br\/wp-content\/uploads\/2021\/03\/heineken.jpg?w=554&amp;ssl=1 554w, https:\/\/i0.wp.com\/cepposmokehouse.com.br\/wp-content\/uploads\/2021\/03\/heineken.jpg?resize=300%2C300&amp;ssl=1 300w, https:\/\/i0.wp.com\/cepposmokehouse.com.br\/wp-content\/uploads\/2021\/03\/heineken.jpg?resize=150%2C150&amp;ssl=1 150w, https:\/\/i0.wp.com\/cepposmokehouse.com.br\/wp-content\/uploads\/2021\/03\/heineken.jpg?resize=241%2C241&amp;ssl=1 241w, https:\/\/i0.wp.com\/cepposmokehouse.com.br\/wp-content\/uploads\/2021\/03\/heineken.jpg?resize=530%2C530&amp;ssl=1 530w, https:\/\/i0.wp.com\/cepposmokehouse.com.br\/wp-content\/uploads\/2021\/03\/heineken.jpg?resize=100%2C100&amp;ssl=1 100w\" sizes=\"auto, (max-width: 300px) 100vw, 300px\" \/><\/div>\n\t\t\t\t\t<div class=\"wc-block-grid__product-title\">Heineken<\/div>\n\t\t\t\t<\/a>\n\t\t\t\t<div class=\"wc-block-grid__product-price price\"><span class=\"woocommerce-Price-amount amount\"><bdi><span class=\"woocommerce-Price-currencySymbol\">&#082;&#036;<\/span>9,00<\/bdi><\/span><\/div>\n\t\t\t\t\n\t\t\t\t<div class=\"wp-block-button wc-block-grid__product-add-to-cart\"><a href=\"\/index.php\/wp-json\/wp\/v2\/pages\/101?add-to-cart=111\" aria-label=\"Adicione ao carrinho: &ldquo;Heineken&rdquo;\" data-quantity=\"1\" data-product_id=\"111\" data-product_sku=\"HEINEKEN-37654\" data-price=\"9\" rel=\"nofollow\" class=\"wp-block-button__link  add_to_cart_button ajax_add_to_cart\">Adicionar ao carrinho<\/a><\/div>\n\t\t\t<\/li><li class=\"wc-block-grid__product\">\n\t\t\t\t<a href=\"https:\/\/cepposmokehouse.com.br\/index.php\/produto\/brahma-duplo-malte\/\" class=\"wc-block-grid__product-link\">\n\t\t\t\t\t\n\t\t\t\t\t<div class=\"wc-block-grid__product-image\"><img loading=\"lazy\" decoding=\"async\" width=\"192\" height=\"192\" src=\"https:\/\/i0.wp.com\/cepposmokehouse.com.br\/wp-content\/uploads\/2021\/03\/brahma-duplo-350.jpeg?resize=192%2C192&amp;ssl=1\" class=\"attachment-woocommerce_thumbnail size-woocommerce_thumbnail\" alt=\"Brahma Duplo Malte\" srcset=\"https:\/\/i0.wp.com\/cepposmokehouse.com.br\/wp-content\/uploads\/2021\/03\/brahma-duplo-350.jpeg?w=192&amp;ssl=1 192w, https:\/\/i0.wp.com\/cepposmokehouse.com.br\/wp-content\/uploads\/2021\/03\/brahma-duplo-350.jpeg?resize=150%2C150&amp;ssl=1 150w, https:\/\/i0.wp.com\/cepposmokehouse.com.br\/wp-content\/uploads\/2021\/03\/brahma-duplo-350.jpeg?resize=100%2C100&amp;ssl=1 100w\" sizes=\"auto, (max-width: 192px) 100vw, 192px\" \/><\/div>\n\t\t\t\t\t<div class=\"wc-block-grid__product-title\">Brahma Duplo Malte<\/div>\n\t\t\t\t<\/a>\n\t\t\t\t<div class=\"wc-block-grid__product-price price\"><span class=\"woocommerce-Price-amount amount\"><bdi><span class=\"woocommerce-Price-currencySymbol\">&#082;&#036;<\/span>6,50<\/bdi><\/span><\/div>\n\t\t\t\t\n\t\t\t\t<div class=\"wp-block-button wc-block-grid__product-add-to-cart\"><a href=\"\/index.php\/wp-json\/wp\/v2\/pages\/101?add-to-cart=102\" aria-label=\"Adicione ao carrinho: &ldquo;Brahma Duplo Malte&rdquo;\" data-quantity=\"1\" data-product_id=\"102\" data-product_sku=\"BRAHMA-DMALT-37485\" data-price=\"6.5\" rel=\"nofollow\" class=\"wp-block-button__link  add_to_cart_button ajax_add_to_cart\">Adicionar ao carrinho<\/a><\/div>\n\t\t\t<\/li><\/ul><\/div>","protected":false},"excerpt":{"rendered":"","protected":false},"author":1,"featured_media":0,"parent":0,"menu_order":0,"comment_status":"closed","ping_status":"closed","template":"","meta":{"_uag_custom_page_level_css":"","footnotes":""},"class_list":["post-101","page","type-page","status-publish","hentry"],"uagb_featured_image_src":{"full":false,"thumbnail":false,"medium":false,"medium_large":false,"large":false,"1536x1536":false,"2048x2048":false,"post-thumbnail":false,"woocommerce_thumbnail":false,"woocommerce_single":false,"woocommerce_gallery_thumbnail":false,"quick_view_image_size":false},"uagb_author_info":{"display_name":"admin","author_link":"https:\/\/cepposmokehouse.com.br\/index.php\/author\/admin\/"},"uagb_comment_info":0,"uagb_excerpt":null,"jetpack-related-posts":[{"id":99,"url":"https:\/\/cepposmokehouse.com.br\/index.php\/bebidas-nao-alcoolicas\/","url_meta":{"origin":101,"position":0},"title":"Bebidas n\u00e3o alco\u00f3licas","author":"admin","date":"17 de mar\u00e7o de 2021","format":false,"excerpt":"","rel":"","context":"Post similar","block_context":{"text":"Post similar","link":""},"img":{"alt_text":"","src":"","width":0,"height":0},"classes":[]},{"id":82,"url":"https:\/\/cepposmokehouse.com.br\/index.php\/bebidas\/","url_meta":{"origin":101,"position":1},"title":"Bebidas","author":"admin","date":"17 de mar\u00e7o de 2021","format":false,"excerpt":"","rel":"","context":"Post similar","block_context":{"text":"Post similar","link":""},"img":{"alt_text":"","src":"","width":0,"height":0},"classes":[]},{"id":6,"url":"https:\/\/cepposmokehouse.com.br\/index.php\/cardapio\/","url_meta":{"origin":101,"position":2},"title":"Card\u00e1pio","author":"admin","date":"16 de mar\u00e7o de 2021","format":false,"excerpt":"Sandu\u00edchesBebidasOutros","rel":"","context":"Post similar","block_context":{"text":"Post similar","link":""},"img":{"alt_text":"","src":"","width":0,"height":0},"classes":[]}],"jetpack_sharing_enabled":true,"_links":{"self":[{"href":"https:\/\/cepposmokehouse.com.br\/index.php\/wp-json\/wp\/v2\/pages\/101","targetHints":{"allow":["GET"]}}],"collection":[{"href":"https:\/\/cepposmokehouse.com.br\/index.php\/wp-json\/wp\/v2\/pages"}],"about":[{"href":"https:\/\/cepposmokehouse.com.br\/index.php\/wp-json\/wp\/v2\/types\/page"}],"author":[{"embeddable":true,"href":"https:\/\/cepposmokehouse.com.br\/index.php\/wp-json\/wp\/v2\/users\/1"}],"replies":[{"embeddable":true,"href":"https:\/\/cepposmokehouse.com.br\/index.php\/wp-json\/wp\/v2\/comments?post=101"}],"version-history":[{"count":1,"href":"https:\/\/cepposmokehouse.com.br\/index.php\/wp-json\/wp\/v2\/pages\/101\/revisions"}],"predecessor-version":[{"id":104,"href":"https:\/\/cepposmokehouse.com.br\/index.php\/wp-json\/wp\/v2\/pages\/101\/revisions\/104"}],"wp:attachment":[{"href":"https:\/\/cepposmokehouse.com.br\/index.php\/wp-json\/wp\/v2\/media?parent=101"}],"curies":[{"name":"wp","href":"https:\/\/api.w.org\/{rel}","templated":true}]}}