{"id":2,"date":"2021-03-16T21:40:29","date_gmt":"2021-03-17T00:40:29","guid":{"rendered":"http:\/\/cepposmokehouse.com.br\/?page_id=2"},"modified":"2021-03-20T20:45:39","modified_gmt":"2021-03-20T23:45:39","slug":"sobre","status":"publish","type":"page","link":"https:\/\/cepposmokehouse.com.br\/index.php\/sobre\/","title":{"rendered":"Sobre"},"content":{"rendered":"\n<p>A Ceppo Smokehouse surgiu da vontade de trazer, inicialmente, para Bras\u00edlia, o sabor t\u00edpico de outra regi\u00e3o de cerrado no Brasil, a do Cerrado das Cinzas, na cidade de Arapoti no Paran\u00e1.<\/p>\n\n\n\n<p> Essa pequena cidade do interior do Paran\u00e1 possui uma agropecu\u00e1ria forte, onde a produ\u00e7\u00e3o de su\u00ednos se destaca.<\/p>\n\n\n\n<p>Inspirados num prato t\u00edpico conhecido como &#8220;Lombo de Festa&#8221;, surgido no inicio dos anos 80, desenvolvemos nossa linha de lanches, trazendo o diferencial de trabalharmos apenas com carnes assadas e defumadas, apenas com o uso de especiarias. <\/p>\n\n\n\n<blockquote class=\"wp-block-quote is-layout-flow wp-block-quote-is-layout-flow\"><p>N\u00e3o existe amor mais sincero que aquele pela comida!<\/p><p><em>George Bernard Shaw<\/em><\/p><\/blockquote>\n\n\n\n<p><\/p>\n","protected":false},"excerpt":{"rendered":"<p>A Ceppo Smokehouse surgiu da vontade de trazer, inicialmente, para Bras\u00edlia, o sabor t\u00edpico de outra regi\u00e3o de cerrado no Brasil, a do Cerrado das Cinzas, na cidade de Arapoti no Paran\u00e1. Essa pequena cidade do interior do Paran\u00e1 possui uma agropecu\u00e1ria forte, onde a produ\u00e7\u00e3o de su\u00ednos se destaca. Inspirados num prato t\u00edpico conhecido como &#8220;Lombo de Festa&#8221;, surgido no inicio dos anos 80, desenvolvemos nossa linha de lanches, trazendo o diferencial de trabalharmos apenas com carnes assadas e defumadas, apenas com o uso de especiarias. N\u00e3o existe amor mais sincero que aquele pela comida! George Bernard Shaw<\/p>\n","protected":false},"author":1,"featured_media":0,"parent":0,"menu_order":0,"comment_status":"closed","ping_status":"open","template":"","meta":{"_uag_custom_page_level_css":"","footnotes":""},"class_list":["post-2","page","type-page","status-publish","hentry"],"uagb_featured_image_src":{"full":false,"thumbnail":false,"medium":false,"medium_large":false,"large":false,"1536x1536":false,"2048x2048":false,"post-thumbnail":false,"woocommerce_thumbnail":false,"woocommerce_single":false,"woocommerce_gallery_thumbnail":false,"quick_view_image_size":false},"uagb_author_info":{"display_name":"admin","author_link":"https:\/\/cepposmokehouse.com.br\/index.php\/author\/admin\/"},"uagb_comment_info":0,"uagb_excerpt":"A Ceppo Smokehouse surgiu da vontade de trazer, inicialmente, para Bras\u00edlia, o sabor t\u00edpico de outra regi\u00e3o de cerrado no Brasil, a do Cerrado das Cinzas, na cidade de Arapoti no Paran\u00e1. Essa pequena cidade do interior do Paran\u00e1 possui uma agropecu\u00e1ria forte, onde a produ\u00e7\u00e3o de su\u00ednos se destaca. Inspirados num prato t\u00edpico conhecido&hellip;","jetpack-related-posts":[],"jetpack_sharing_enabled":true,"_links":{"self":[{"href":"https:\/\/cepposmokehouse.com.br\/index.php\/wp-json\/wp\/v2\/pages\/2","targetHints":{"allow":["GET"]}}],"collection":[{"href":"https:\/\/cepposmokehouse.com.br\/index.php\/wp-json\/wp\/v2\/pages"}],"about":[{"href":"https:\/\/cepposmokehouse.com.br\/index.php\/wp-json\/wp\/v2\/types\/page"}],"author":[{"embeddable":true,"href":"https:\/\/cepposmokehouse.com.br\/index.php\/wp-json\/wp\/v2\/users\/1"}],"replies":[{"embeddable":true,"href":"https:\/\/cepposmokehouse.com.br\/index.php\/wp-json\/wp\/v2\/comments?post=2"}],"version-history":[{"count":2,"href":"https:\/\/cepposmokehouse.com.br\/index.php\/wp-json\/wp\/v2\/pages\/2\/revisions"}],"predecessor-version":[{"id":149,"href":"https:\/\/cepposmokehouse.com.br\/index.php\/wp-json\/wp\/v2\/pages\/2\/revisions\/149"}],"wp:attachment":[{"href":"https:\/\/cepposmokehouse.com.br\/index.php\/wp-json\/wp\/v2\/media?parent=2"}],"curies":[{"name":"wp","href":"https:\/\/api.w.org\/{rel}","templated":true}]}}