{"id":267,"date":"2021-03-27T20:55:15","date_gmt":"2021-03-27T23:55:15","guid":{"rendered":"https:\/\/cepposmokehouse.com.br\/?page_id=267"},"modified":"2021-03-27T21:02:42","modified_gmt":"2021-03-28T00:02:42","slug":"galeria","status":"publish","type":"page","link":"https:\/\/cepposmokehouse.com.br\/index.php\/galeria\/","title":{"rendered":"Galeria"},"content":{"rendered":"\n<div class=\"wp-block-columns alignwide are-vertically-aligned-center is-layout-flex wp-container-core-columns-is-layout-9d6595d7 wp-block-columns-is-layout-flex\">\n<div class=\"wp-block-column is-vertically-aligned-center is-layout-flow wp-block-column-is-layout-flow\" style=\"flex-basis:100%\">\n<div class=\"wp-block-group\"><div class=\"wp-block-group__inner-container is-layout-flow wp-block-group-is-layout-flow\"><\/div><\/div>\n<\/div>\n<\/div>\n","protected":false},"excerpt":{"rendered":"","protected":false},"author":1,"featured_media":0,"parent":0,"menu_order":0,"comment_status":"closed","ping_status":"closed","template":"","meta":{"_uag_custom_page_level_css":"","footnotes":""},"class_list":["post-267","page","type-page","status-publish","hentry"],"uagb_featured_image_src":{"full":false,"thumbnail":false,"medium":false,"medium_large":false,"large":false,"1536x1536":false,"2048x2048":false,"post-thumbnail":false,"woocommerce_thumbnail":false,"woocommerce_single":false,"woocommerce_gallery_thumbnail":false,"quick_view_image_size":false},"uagb_author_info":{"display_name":"admin","author_link":"https:\/\/cepposmokehouse.com.br\/index.php\/author\/admin\/"},"uagb_comment_info":0,"uagb_excerpt":null,"jetpack-related-posts":[{"id":3,"url":"https:\/\/cepposmokehouse.com.br\/index.php\/politica-de-privacidade\/","url_meta":{"origin":267,"position":0},"title":"Pol\u00edtica de privacidade","author":"admin","date":"16 de mar\u00e7o de 2021","format":false,"excerpt":"Quem somos O endere\u00e7o do nosso site \u00e9: http:\/\/cepposmokehouse.com.br. Coment\u00e1rios Quando os visitantes deixam coment\u00e1rios no site, coletamos os dados mostrados no formul\u00e1rio de coment\u00e1rios, al\u00e9m do endere\u00e7o de IP e de dados do navegador do visitante, para auxiliar na detec\u00e7\u00e3o de spam. Uma sequ\u00eancia anonimizada de caracteres criada a\u2026","rel":"","context":"Post similar","block_context":{"text":"Post similar","link":""},"img":{"alt_text":"","src":"","width":0,"height":0},"classes":[]}],"jetpack_sharing_enabled":true,"_links":{"self":[{"href":"https:\/\/cepposmokehouse.com.br\/index.php\/wp-json\/wp\/v2\/pages\/267","targetHints":{"allow":["GET"]}}],"collection":[{"href":"https:\/\/cepposmokehouse.com.br\/index.php\/wp-json\/wp\/v2\/pages"}],"about":[{"href":"https:\/\/cepposmokehouse.com.br\/index.php\/wp-json\/wp\/v2\/types\/page"}],"author":[{"embeddable":true,"href":"https:\/\/cepposmokehouse.com.br\/index.php\/wp-json\/wp\/v2\/users\/1"}],"replies":[{"embeddable":true,"href":"https:\/\/cepposmokehouse.com.br\/index.php\/wp-json\/wp\/v2\/comments?post=267"}],"version-history":[{"count":2,"href":"https:\/\/cepposmokehouse.com.br\/index.php\/wp-json\/wp\/v2\/pages\/267\/revisions"}],"predecessor-version":[{"id":274,"href":"https:\/\/cepposmokehouse.com.br\/index.php\/wp-json\/wp\/v2\/pages\/267\/revisions\/274"}],"wp:attachment":[{"href":"https:\/\/cepposmokehouse.com.br\/index.php\/wp-json\/wp\/v2\/media?parent=267"}],"curies":[{"name":"wp","href":"https:\/\/api.w.org\/{rel}","templated":true}]}}