{"id":99,"date":"2021-03-17T08:49:19","date_gmt":"2021-03-17T11:49:19","guid":{"rendered":"https:\/\/cepposmokehouse.com.br\/?page_id=99"},"modified":"2021-03-17T08:49:19","modified_gmt":"2021-03-17T11:49:19","slug":"bebidas-nao-alcoolicas","status":"publish","type":"page","link":"https:\/\/cepposmokehouse.com.br\/index.php\/bebidas-nao-alcoolicas\/","title":{"rendered":"Bebidas n\u00e3o alco\u00f3licas"},"content":{"rendered":"<div data-block-name=\"woocommerce\/product-category\" data-categories=\"[20]\" class=\"wc-block-grid wp-block-product-category wp-block-woocommerce-product-category wc-block-product-category has-3-columns has-multiple-rows\"><ul class=\"wc-block-grid__products\"><li class=\"wc-block-grid__product\">\n\t\t\t\t<a href=\"https:\/\/cepposmokehouse.com.br\/index.php\/produto\/guarana-antarctica-zero\/\" class=\"wc-block-grid__product-link\">\n\t\t\t\t\t\n\t\t\t\t\t<div class=\"wc-block-grid__product-image\"><img loading=\"lazy\" decoding=\"async\" width=\"300\" height=\"300\" src=\"https:\/\/i0.wp.com\/cepposmokehouse.com.br\/wp-content\/uploads\/2021\/03\/guaranazero350.jpg?resize=300%2C300&amp;ssl=1\" class=\"attachment-woocommerce_thumbnail size-woocommerce_thumbnail\" alt=\"Guaran\u00e1 Antarctica Zero\" srcset=\"https:\/\/i0.wp.com\/cepposmokehouse.com.br\/wp-content\/uploads\/2021\/03\/guaranazero350.jpg?w=554&amp;ssl=1 554w, https:\/\/i0.wp.com\/cepposmokehouse.com.br\/wp-content\/uploads\/2021\/03\/guaranazero350.jpg?resize=300%2C300&amp;ssl=1 300w, https:\/\/i0.wp.com\/cepposmokehouse.com.br\/wp-content\/uploads\/2021\/03\/guaranazero350.jpg?resize=150%2C150&amp;ssl=1 150w, https:\/\/i0.wp.com\/cepposmokehouse.com.br\/wp-content\/uploads\/2021\/03\/guaranazero350.jpg?resize=241%2C241&amp;ssl=1 241w, https:\/\/i0.wp.com\/cepposmokehouse.com.br\/wp-content\/uploads\/2021\/03\/guaranazero350.jpg?resize=530%2C530&amp;ssl=1 530w, https:\/\/i0.wp.com\/cepposmokehouse.com.br\/wp-content\/uploads\/2021\/03\/guaranazero350.jpg?resize=100%2C100&amp;ssl=1 100w\" sizes=\"auto, (max-width: 300px) 100vw, 300px\" \/><\/div>\n\t\t\t\t\t<div class=\"wc-block-grid__product-title\">Guaran\u00e1 Antarctica Zero<\/div>\n\t\t\t\t<\/a>\n\t\t\t\t<div class=\"wc-block-grid__product-price price\"><span class=\"woocommerce-Price-amount amount\"><bdi><span class=\"woocommerce-Price-currencySymbol\">&#082;&#036;<\/span>5,00<\/bdi><\/span><\/div>\n\t\t\t\t\n\t\t\t\t<div class=\"wp-block-button wc-block-grid__product-add-to-cart\"><a href=\"\/index.php\/wp-json\/wp\/v2\/pages\/99?add-to-cart=97\" aria-label=\"Adicione ao carrinho: &ldquo;Guaran\u00e1 Antarctica Zero&rdquo;\" data-quantity=\"1\" data-product_id=\"97\" data-product_sku=\"GUARANA-ANT-ZERO-88636\" data-price=\"5\" rel=\"nofollow\" class=\"wp-block-button__link  add_to_cart_button ajax_add_to_cart\">Adicionar ao carrinho<\/a><\/div>\n\t\t\t<\/li><li class=\"wc-block-grid__product\">\n\t\t\t\t<a href=\"https:\/\/cepposmokehouse.com.br\/index.php\/produto\/guarana-antartica\/\" class=\"wc-block-grid__product-link\">\n\t\t\t\t\t\n\t\t\t\t\t<div class=\"wc-block-grid__product-image\"><img loading=\"lazy\" decoding=\"async\" width=\"300\" height=\"300\" src=\"https:\/\/i0.wp.com\/cepposmokehouse.com.br\/wp-content\/uploads\/2021\/03\/guaranaant350.jpg?resize=300%2C300&amp;ssl=1\" class=\"attachment-woocommerce_thumbnail size-woocommerce_thumbnail\" alt=\"Guaran\u00e1 Antarctica\" srcset=\"https:\/\/i0.wp.com\/cepposmokehouse.com.br\/wp-content\/uploads\/2021\/03\/guaranaant350.jpg?w=554&amp;ssl=1 554w, https:\/\/i0.wp.com\/cepposmokehouse.com.br\/wp-content\/uploads\/2021\/03\/guaranaant350.jpg?resize=300%2C300&amp;ssl=1 300w, https:\/\/i0.wp.com\/cepposmokehouse.com.br\/wp-content\/uploads\/2021\/03\/guaranaant350.jpg?resize=150%2C150&amp;ssl=1 150w, https:\/\/i0.wp.com\/cepposmokehouse.com.br\/wp-content\/uploads\/2021\/03\/guaranaant350.jpg?resize=241%2C241&amp;ssl=1 241w, https:\/\/i0.wp.com\/cepposmokehouse.com.br\/wp-content\/uploads\/2021\/03\/guaranaant350.jpg?resize=530%2C530&amp;ssl=1 530w, https:\/\/i0.wp.com\/cepposmokehouse.com.br\/wp-content\/uploads\/2021\/03\/guaranaant350.jpg?resize=100%2C100&amp;ssl=1 100w\" sizes=\"auto, (max-width: 300px) 100vw, 300px\" \/><\/div>\n\t\t\t\t\t<div class=\"wc-block-grid__product-title\">Guaran\u00e1 Antarctica<\/div>\n\t\t\t\t<\/a>\n\t\t\t\t<div class=\"wc-block-grid__product-price price\"><span class=\"woocommerce-Price-amount amount\"><bdi><span class=\"woocommerce-Price-currencySymbol\">&#082;&#036;<\/span>5,00<\/bdi><\/span><\/div>\n\t\t\t\t\n\t\t\t\t<div class=\"wp-block-button wc-block-grid__product-add-to-cart\"><a href=\"\/index.php\/wp-json\/wp\/v2\/pages\/99?add-to-cart=95\" aria-label=\"Adicione ao carrinho: &ldquo;Guaran\u00e1 Antarctica&rdquo;\" data-quantity=\"1\" data-product_id=\"95\" data-product_sku=\"GUARANA-ANT-TRAD-88635\" data-price=\"5\" rel=\"nofollow\" class=\"wp-block-button__link  add_to_cart_button ajax_add_to_cart\">Adicionar ao carrinho<\/a><\/div>\n\t\t\t<\/li><li class=\"wc-block-grid__product\">\n\t\t\t\t<a href=\"https:\/\/cepposmokehouse.com.br\/index.php\/produto\/coca-cola-zero\/\" class=\"wc-block-grid__product-link\">\n\t\t\t\t\t\n\t\t\t\t\t<div class=\"wc-block-grid__product-image\"><img loading=\"lazy\" decoding=\"async\" width=\"300\" height=\"300\" src=\"https:\/\/i0.wp.com\/cepposmokehouse.com.br\/wp-content\/uploads\/2021\/03\/coca-cola-zero350.jpg?resize=300%2C300&amp;ssl=1\" class=\"attachment-woocommerce_thumbnail size-woocommerce_thumbnail\" alt=\"Coca-cola Zero\" srcset=\"https:\/\/i0.wp.com\/cepposmokehouse.com.br\/wp-content\/uploads\/2021\/03\/coca-cola-zero350.jpg?w=855&amp;ssl=1 855w, https:\/\/i0.wp.com\/cepposmokehouse.com.br\/wp-content\/uploads\/2021\/03\/coca-cola-zero350.jpg?resize=300%2C300&amp;ssl=1 300w, https:\/\/i0.wp.com\/cepposmokehouse.com.br\/wp-content\/uploads\/2021\/03\/coca-cola-zero350.jpg?resize=150%2C150&amp;ssl=1 150w, https:\/\/i0.wp.com\/cepposmokehouse.com.br\/wp-content\/uploads\/2021\/03\/coca-cola-zero350.jpg?resize=768%2C768&amp;ssl=1 768w, https:\/\/i0.wp.com\/cepposmokehouse.com.br\/wp-content\/uploads\/2021\/03\/coca-cola-zero350.jpg?resize=241%2C241&amp;ssl=1 241w, https:\/\/i0.wp.com\/cepposmokehouse.com.br\/wp-content\/uploads\/2021\/03\/coca-cola-zero350.jpg?resize=530%2C530&amp;ssl=1 530w, https:\/\/i0.wp.com\/cepposmokehouse.com.br\/wp-content\/uploads\/2021\/03\/coca-cola-zero350.jpg?resize=100%2C100&amp;ssl=1 100w\" sizes=\"auto, (max-width: 300px) 100vw, 300px\" \/><\/div>\n\t\t\t\t\t<div class=\"wc-block-grid__product-title\">Coca-cola Zero<\/div>\n\t\t\t\t<\/a>\n\t\t\t\t<div class=\"wc-block-grid__product-price price\"><span class=\"woocommerce-Price-amount amount\"><bdi><span class=\"woocommerce-Price-currencySymbol\">&#082;&#036;<\/span>5,00<\/bdi><\/span><\/div>\n\t\t\t\t\n\t\t\t\t<div class=\"wp-block-button wc-block-grid__product-add-to-cart\"><a href=\"\/index.php\/wp-json\/wp\/v2\/pages\/99?add-to-cart=93\" aria-label=\"Adicione ao carrinho: &ldquo;Coca-cola Zero&rdquo;\" data-quantity=\"1\" data-product_id=\"93\" data-product_sku=\"COCA-COLA-ZERO-66733\" data-price=\"5\" rel=\"nofollow\" class=\"wp-block-button__link  add_to_cart_button ajax_add_to_cart\">Adicionar ao carrinho<\/a><\/div>\n\t\t\t<\/li><li class=\"wc-block-grid__product\">\n\t\t\t\t<a href=\"https:\/\/cepposmokehouse.com.br\/index.php\/produto\/coca-cola\/\" class=\"wc-block-grid__product-link\">\n\t\t\t\t\t\n\t\t\t\t\t<div class=\"wc-block-grid__product-image\"><img loading=\"lazy\" decoding=\"async\" width=\"300\" height=\"300\" src=\"https:\/\/i0.wp.com\/cepposmokehouse.com.br\/wp-content\/uploads\/2021\/03\/cocacola350.jpg?resize=300%2C300&amp;ssl=1\" class=\"attachment-woocommerce_thumbnail size-woocommerce_thumbnail\" alt=\"Coca-cola\" srcset=\"https:\/\/i0.wp.com\/cepposmokehouse.com.br\/wp-content\/uploads\/2021\/03\/cocacola350.jpg?w=554&amp;ssl=1 554w, https:\/\/i0.wp.com\/cepposmokehouse.com.br\/wp-content\/uploads\/2021\/03\/cocacola350.jpg?resize=300%2C300&amp;ssl=1 300w, https:\/\/i0.wp.com\/cepposmokehouse.com.br\/wp-content\/uploads\/2021\/03\/cocacola350.jpg?resize=150%2C150&amp;ssl=1 150w, https:\/\/i0.wp.com\/cepposmokehouse.com.br\/wp-content\/uploads\/2021\/03\/cocacola350.jpg?resize=241%2C241&amp;ssl=1 241w, https:\/\/i0.wp.com\/cepposmokehouse.com.br\/wp-content\/uploads\/2021\/03\/cocacola350.jpg?resize=530%2C530&amp;ssl=1 530w, https:\/\/i0.wp.com\/cepposmokehouse.com.br\/wp-content\/uploads\/2021\/03\/cocacola350.jpg?resize=100%2C100&amp;ssl=1 100w\" sizes=\"auto, (max-width: 300px) 100vw, 300px\" \/><\/div>\n\t\t\t\t\t<div class=\"wc-block-grid__product-title\">Coca-cola<\/div>\n\t\t\t\t<\/a>\n\t\t\t\t<div class=\"wc-block-grid__product-price price\"><span class=\"woocommerce-Price-amount amount\"><bdi><span class=\"woocommerce-Price-currencySymbol\">&#082;&#036;<\/span>5,00<\/bdi><\/span><\/div>\n\t\t\t\t\n\t\t\t\t<div class=\"wp-block-button wc-block-grid__product-add-to-cart\"><a href=\"\/index.php\/wp-json\/wp\/v2\/pages\/99?add-to-cart=79\" aria-label=\"Adicione ao carrinho: &ldquo;Coca-cola&rdquo;\" data-quantity=\"1\" data-product_id=\"79\" data-product_sku=\"COCA-COLA-TRAD-66732\" data-price=\"5\" rel=\"nofollow\" class=\"wp-block-button__link  add_to_cart_button ajax_add_to_cart\">Adicionar ao carrinho<\/a><\/div>\n\t\t\t<\/li><\/ul><\/div>","protected":false},"excerpt":{"rendered":"","protected":false},"author":1,"featured_media":0,"parent":0,"menu_order":0,"comment_status":"closed","ping_status":"closed","template":"","meta":{"_uag_custom_page_level_css":"","footnotes":""},"class_list":["post-99","page","type-page","status-publish","hentry"],"uagb_featured_image_src":{"full":false,"thumbnail":false,"medium":false,"medium_large":false,"large":false,"1536x1536":false,"2048x2048":false,"post-thumbnail":false,"woocommerce_thumbnail":false,"woocommerce_single":false,"woocommerce_gallery_thumbnail":false,"quick_view_image_size":false},"uagb_author_info":{"display_name":"admin","author_link":"https:\/\/cepposmokehouse.com.br\/index.php\/author\/admin\/"},"uagb_comment_info":0,"uagb_excerpt":null,"jetpack-related-posts":[{"id":101,"url":"https:\/\/cepposmokehouse.com.br\/index.php\/bebidas-alcoolicas\/","url_meta":{"origin":99,"position":0},"title":"Bebidas Alco\u00f3licas","author":"admin","date":"17 de mar\u00e7o de 2021","format":false,"excerpt":"","rel":"","context":"Post similar","block_context":{"text":"Post similar","link":""},"img":{"alt_text":"","src":"","width":0,"height":0},"classes":[]},{"id":82,"url":"https:\/\/cepposmokehouse.com.br\/index.php\/bebidas\/","url_meta":{"origin":99,"position":1},"title":"Bebidas","author":"admin","date":"17 de mar\u00e7o de 2021","format":false,"excerpt":"","rel":"","context":"Post similar","block_context":{"text":"Post similar","link":""},"img":{"alt_text":"","src":"","width":0,"height":0},"classes":[]},{"id":6,"url":"https:\/\/cepposmokehouse.com.br\/index.php\/cardapio\/","url_meta":{"origin":99,"position":2},"title":"Card\u00e1pio","author":"admin","date":"16 de mar\u00e7o de 2021","format":false,"excerpt":"Sandu\u00edchesBebidasOutros","rel":"","context":"Post similar","block_context":{"text":"Post similar","link":""},"img":{"alt_text":"","src":"","width":0,"height":0},"classes":[]},{"id":3,"url":"https:\/\/cepposmokehouse.com.br\/index.php\/politica-de-privacidade\/","url_meta":{"origin":99,"position":3},"title":"Pol\u00edtica de privacidade","author":"admin","date":"16 de mar\u00e7o de 2021","format":false,"excerpt":"Quem somos O endere\u00e7o do nosso site \u00e9: http:\/\/cepposmokehouse.com.br. Coment\u00e1rios Quando os visitantes deixam coment\u00e1rios no site, coletamos os dados mostrados no formul\u00e1rio de coment\u00e1rios, al\u00e9m do endere\u00e7o de IP e de dados do navegador do visitante, para auxiliar na detec\u00e7\u00e3o de spam. Uma sequ\u00eancia anonimizada de caracteres criada a\u2026","rel":"","context":"Post similar","block_context":{"text":"Post similar","link":""},"img":{"alt_text":"","src":"","width":0,"height":0},"classes":[]},{"id":2,"url":"https:\/\/cepposmokehouse.com.br\/index.php\/sobre\/","url_meta":{"origin":99,"position":4},"title":"Sobre","author":"admin","date":"16 de mar\u00e7o de 2021","format":false,"excerpt":"A Ceppo Smokehouse surgiu da vontade de trazer, inicialmente, para Bras\u00edlia, o sabor t\u00edpico de outra regi\u00e3o de cerrado no Brasil, a do Cerrado das Cinzas, na cidade de Arapoti no Paran\u00e1. Essa pequena cidade do interior do Paran\u00e1 possui uma agropecu\u00e1ria forte, onde a produ\u00e7\u00e3o de su\u00ednos se destaca.\u2026","rel":"","context":"Post similar","block_context":{"text":"Post similar","link":""},"img":{"alt_text":"","src":"","width":0,"height":0},"classes":[]}],"jetpack_sharing_enabled":true,"_links":{"self":[{"href":"https:\/\/cepposmokehouse.com.br\/index.php\/wp-json\/wp\/v2\/pages\/99","targetHints":{"allow":["GET"]}}],"collection":[{"href":"https:\/\/cepposmokehouse.com.br\/index.php\/wp-json\/wp\/v2\/pages"}],"about":[{"href":"https:\/\/cepposmokehouse.com.br\/index.php\/wp-json\/wp\/v2\/types\/page"}],"author":[{"embeddable":true,"href":"https:\/\/cepposmokehouse.com.br\/index.php\/wp-json\/wp\/v2\/users\/1"}],"replies":[{"embeddable":true,"href":"https:\/\/cepposmokehouse.com.br\/index.php\/wp-json\/wp\/v2\/comments?post=99"}],"version-history":[{"count":1,"href":"https:\/\/cepposmokehouse.com.br\/index.php\/wp-json\/wp\/v2\/pages\/99\/revisions"}],"predecessor-version":[{"id":100,"href":"https:\/\/cepposmokehouse.com.br\/index.php\/wp-json\/wp\/v2\/pages\/99\/revisions\/100"}],"wp:attachment":[{"href":"https:\/\/cepposmokehouse.com.br\/index.php\/wp-json\/wp\/v2\/media?parent=99"}],"curies":[{"name":"wp","href":"https:\/\/api.w.org\/{rel}","templated":true}]}}