{"id":22,"date":"2021-03-17T01:04:05","date_gmt":"2021-03-17T04:04:05","guid":{"rendered":"https:\/\/cepposmokehouse.com.br\/?post_type=product&#038;p=22"},"modified":"2021-04-01T07:21:11","modified_gmt":"2021-04-01T10:21:11","slug":"pollo","status":"publish","type":"product","link":"https:\/\/cepposmokehouse.com.br\/index.php\/produto\/pollo\/","title":{"rendered":"Pollo"},"content":{"rendered":"","protected":false},"excerpt":{"rendered":"<p>Sandu\u00edche especial de peito de frango defumado, molho tr\u00eas queijos, tomate, cenoura, bacon picadinho e molho holand\u00eas.<\/p>\n","protected":false},"featured_media":23,"comment_status":"open","ping_status":"closed","template":"","meta":{"_uag_custom_page_level_css":""},"product_brand":[],"product_cat":[17,16],"product_tag":[33,24,23],"class_list":{"0":"post-22","1":"product","2":"type-product","3":"status-publish","4":"has-post-thumbnail","6":"product_cat-sand-especiais","7":"product_cat-sanduiches","8":"product_tag-carne-de-frango","9":"product_tag-frango-defumado","10":"product_tag-peito-de-frango","11":"product_shipping_class-retirada-no-local","13":"first","14":"instock","15":"shipping-taxable","16":"purchasable","17":"product-type-simple"},"uagb_featured_image_src":{"full":["https:\/\/i0.wp.com\/cepposmokehouse.com.br\/wp-content\/uploads\/2021\/03\/20210305_212015-scaled.jpg?fit=2560%2C1440&ssl=1",2560,1440,false],"thumbnail":["https:\/\/i0.wp.com\/cepposmokehouse.com.br\/wp-content\/uploads\/2021\/03\/20210305_212015-scaled.jpg?resize=150%2C150&ssl=1",150,150,true],"medium":["https:\/\/i0.wp.com\/cepposmokehouse.com.br\/wp-content\/uploads\/2021\/03\/20210305_212015-scaled.jpg?fit=300%2C169&ssl=1",300,169,true],"medium_large":["https:\/\/i0.wp.com\/cepposmokehouse.com.br\/wp-content\/uploads\/2021\/03\/20210305_212015-scaled.jpg?fit=525%2C295&ssl=1",525,295,true],"large":["https:\/\/i0.wp.com\/cepposmokehouse.com.br\/wp-content\/uploads\/2021\/03\/20210305_212015-scaled.jpg?fit=525%2C295&ssl=1",525,295,true],"1536x1536":["https:\/\/i0.wp.com\/cepposmokehouse.com.br\/wp-content\/uploads\/2021\/03\/20210305_212015-scaled.jpg?fit=1536%2C864&ssl=1",1536,864,true],"2048x2048":["https:\/\/i0.wp.com\/cepposmokehouse.com.br\/wp-content\/uploads\/2021\/03\/20210305_212015-scaled.jpg?fit=2048%2C1152&ssl=1",2048,1152,true],"post-thumbnail":["https:\/\/i0.wp.com\/cepposmokehouse.com.br\/wp-content\/uploads\/2021\/03\/20210305_212015-scaled.jpg?resize=490%2C550&ssl=1",490,550,true],"woocommerce_thumbnail":["https:\/\/i0.wp.com\/cepposmokehouse.com.br\/wp-content\/uploads\/2021\/03\/20210305_212015-scaled.jpg?resize=300%2C300&ssl=1",300,300,true],"woocommerce_single":["https:\/\/i0.wp.com\/cepposmokehouse.com.br\/wp-content\/uploads\/2021\/03\/20210305_212015-scaled.jpg?fit=600%2C338&ssl=1",600,338,true],"woocommerce_gallery_thumbnail":["https:\/\/i0.wp.com\/cepposmokehouse.com.br\/wp-content\/uploads\/2021\/03\/20210305_212015-scaled.jpg?resize=100%2C100&ssl=1",100,100,true],"quick_view_image_size":["https:\/\/i0.wp.com\/cepposmokehouse.com.br\/wp-content\/uploads\/2021\/03\/20210305_212015-scaled.jpg?resize=450%2C600&ssl=1",450,600,true]},"uagb_author_info":{"display_name":"admin","author_link":"https:\/\/cepposmokehouse.com.br\/index.php\/author\/"},"uagb_comment_info":0,"uagb_excerpt":"Sandu\u00edche especial de peito de frango defumado, molho tr\u00eas queijos, tomate, cenoura, bacon picadinho e molho holand\u00eas.","jetpack-related-posts":[{"id":157,"url":"https:\/\/cepposmokehouse.com.br\/index.php\/produto\/semplice-pollo\/","url_meta":{"origin":22,"position":0},"title":"Semplice Pollo","author":"admin","date":"20 de mar\u00e7o de 2021","format":false,"excerpt":"Sandu\u00edche de peito de frango defumado, molho tr\u00eas queijos, maionese gourmet e bacon picadinho.","rel":"","context":"Post similar","block_context":{"text":"Post similar","link":""},"img":{"alt_text":"","src":"https:\/\/i0.wp.com\/cepposmokehouse.com.br\/wp-content\/uploads\/2021\/03\/20210305_211458-scaled.jpg?fit=1200%2C675&ssl=1&resize=350%2C200","width":350,"height":200,"srcset":"https:\/\/i0.wp.com\/cepposmokehouse.com.br\/wp-content\/uploads\/2021\/03\/20210305_211458-scaled.jpg?fit=1200%2C675&ssl=1&resize=350%2C200 1x, https:\/\/i0.wp.com\/cepposmokehouse.com.br\/wp-content\/uploads\/2021\/03\/20210305_211458-scaled.jpg?fit=1200%2C675&ssl=1&resize=525%2C300 1.5x, https:\/\/i0.wp.com\/cepposmokehouse.com.br\/wp-content\/uploads\/2021\/03\/20210305_211458-scaled.jpg?fit=1200%2C675&ssl=1&resize=700%2C400 2x, https:\/\/i0.wp.com\/cepposmokehouse.com.br\/wp-content\/uploads\/2021\/03\/20210305_211458-scaled.jpg?fit=1200%2C675&ssl=1&resize=1050%2C600 3x"},"classes":[]},{"id":77,"url":"https:\/\/cepposmokehouse.com.br\/index.php\/produto\/affamato\/","url_meta":{"origin":22,"position":1},"title":"Affamato","author":"admin","date":"17 de mar\u00e7o de 2021","format":false,"excerpt":"Sandu\u00edche especial de pernil su\u00edno defumado, molho tr\u00eas queijos, alface, tomate, bacon picadinho e chutney de manga.","rel":"","context":"Post similar","block_context":{"text":"Post similar","link":""},"img":{"alt_text":"","src":"https:\/\/i0.wp.com\/cepposmokehouse.com.br\/wp-content\/uploads\/2021\/03\/20210228_225029-scaled.jpg?fit=1200%2C675&ssl=1&resize=350%2C200","width":350,"height":200,"srcset":"https:\/\/i0.wp.com\/cepposmokehouse.com.br\/wp-content\/uploads\/2021\/03\/20210228_225029-scaled.jpg?fit=1200%2C675&ssl=1&resize=350%2C200 1x, https:\/\/i0.wp.com\/cepposmokehouse.com.br\/wp-content\/uploads\/2021\/03\/20210228_225029-scaled.jpg?fit=1200%2C675&ssl=1&resize=525%2C300 1.5x, https:\/\/i0.wp.com\/cepposmokehouse.com.br\/wp-content\/uploads\/2021\/03\/20210228_225029-scaled.jpg?fit=1200%2C675&ssl=1&resize=700%2C400 2x, https:\/\/i0.wp.com\/cepposmokehouse.com.br\/wp-content\/uploads\/2021\/03\/20210228_225029-scaled.jpg?fit=1200%2C675&ssl=1&resize=1050%2C600 3x"},"classes":[]},{"id":113,"url":"https:\/\/cepposmokehouse.com.br\/index.php\/produto\/semplice-manzo\/","url_meta":{"origin":22,"position":2},"title":"Semplice Manzo","author":"admin","date":"17 de mar\u00e7o de 2021","format":false,"excerpt":"Sandu\u00edche de pernil su\u00edno defumado, molho tr\u00eas queijos, molho de laranja e bacon picadinho.","rel":"","context":"Post similar","block_context":{"text":"Post similar","link":""},"img":{"alt_text":"","src":"https:\/\/i0.wp.com\/cepposmokehouse.com.br\/wp-content\/uploads\/2021\/03\/20210305_211052-scaled.jpg?fit=1200%2C675&ssl=1&resize=350%2C200","width":350,"height":200,"srcset":"https:\/\/i0.wp.com\/cepposmokehouse.com.br\/wp-content\/uploads\/2021\/03\/20210305_211052-scaled.jpg?fit=1200%2C675&ssl=1&resize=350%2C200 1x, https:\/\/i0.wp.com\/cepposmokehouse.com.br\/wp-content\/uploads\/2021\/03\/20210305_211052-scaled.jpg?fit=1200%2C675&ssl=1&resize=525%2C300 1.5x, https:\/\/i0.wp.com\/cepposmokehouse.com.br\/wp-content\/uploads\/2021\/03\/20210305_211052-scaled.jpg?fit=1200%2C675&ssl=1&resize=700%2C400 2x, https:\/\/i0.wp.com\/cepposmokehouse.com.br\/wp-content\/uploads\/2021\/03\/20210305_211052-scaled.jpg?fit=1200%2C675&ssl=1&resize=1050%2C600 3x"},"classes":[]},{"id":37,"url":"https:\/\/cepposmokehouse.com.br\/index.php\/produto\/costoletta\/","url_meta":{"origin":22,"position":3},"title":"Costoletta","author":"admin","date":"17 de mar\u00e7o de 2021","format":false,"excerpt":"Sandu\u00edche especial de costela su\u00edna defumada, molho tr\u00eas queijos, alface, tomate, cebola caramelizada e geleia de pimenta.","rel":"","context":"Post similar","block_context":{"text":"Post similar","link":""},"img":{"alt_text":"Costoletta","src":"https:\/\/i0.wp.com\/cepposmokehouse.com.br\/wp-content\/uploads\/2021\/03\/20210228_225532-scaled.jpg?fit=1200%2C675&ssl=1&resize=350%2C200","width":350,"height":200,"srcset":"https:\/\/i0.wp.com\/cepposmokehouse.com.br\/wp-content\/uploads\/2021\/03\/20210228_225532-scaled.jpg?fit=1200%2C675&ssl=1&resize=350%2C200 1x, https:\/\/i0.wp.com\/cepposmokehouse.com.br\/wp-content\/uploads\/2021\/03\/20210228_225532-scaled.jpg?fit=1200%2C675&ssl=1&resize=525%2C300 1.5x, https:\/\/i0.wp.com\/cepposmokehouse.com.br\/wp-content\/uploads\/2021\/03\/20210228_225532-scaled.jpg?fit=1200%2C675&ssl=1&resize=700%2C400 2x, https:\/\/i0.wp.com\/cepposmokehouse.com.br\/wp-content\/uploads\/2021\/03\/20210228_225532-scaled.jpg?fit=1200%2C675&ssl=1&resize=1050%2C600 3x"},"classes":[]}],"jetpack_sharing_enabled":true,"_links":{"self":[{"href":"https:\/\/cepposmokehouse.com.br\/index.php\/wp-json\/wp\/v2\/product\/22","targetHints":{"allow":["GET"]}}],"collection":[{"href":"https:\/\/cepposmokehouse.com.br\/index.php\/wp-json\/wp\/v2\/product"}],"about":[{"href":"https:\/\/cepposmokehouse.com.br\/index.php\/wp-json\/wp\/v2\/types\/product"}],"replies":[{"embeddable":true,"href":"https:\/\/cepposmokehouse.com.br\/index.php\/wp-json\/wp\/v2\/comments?post=22"}],"wp:featuredmedia":[{"embeddable":true,"href":"https:\/\/cepposmokehouse.com.br\/index.php\/wp-json\/wp\/v2\/media\/23"}],"wp:attachment":[{"href":"https:\/\/cepposmokehouse.com.br\/index.php\/wp-json\/wp\/v2\/media?parent=22"}],"wp:term":[{"taxonomy":"product_brand","embeddable":true,"href":"https:\/\/cepposmokehouse.com.br\/index.php\/wp-json\/wp\/v2\/product_brand?post=22"},{"taxonomy":"product_cat","embeddable":true,"href":"https:\/\/cepposmokehouse.com.br\/index.php\/wp-json\/wp\/v2\/product_cat?post=22"},{"taxonomy":"product_tag","embeddable":true,"href":"https:\/\/cepposmokehouse.com.br\/index.php\/wp-json\/wp\/v2\/product_tag?post=22"}],"curies":[{"name":"wp","href":"https:\/\/api.w.org\/{rel}","templated":true}]}}